{"id":1132,"date":"2024-07-29T19:20:36","date_gmt":"2024-07-30T02:20:36","guid":{"rendered":"https:\/\/www.breatheinnbaja.com\/?post_type=product&#038;p=1132"},"modified":"2024-11-21T22:19:41","modified_gmt":"2024-11-22T06:19:41","slug":"critina","status":"publish","type":"product","link":"https:\/\/www.breatheinnbaja.com\/es\/producto\/critina\/","title":{"rendered":"Critina"},"content":{"rendered":"<div data-elementor-type=\"wp-post\" data-elementor-id=\"1132\" class=\"elementor elementor-1132\">\n\t\t\t\t\t\t<section class=\"elementor-section elementor-top-section elementor-element elementor-element-6513d4a elementor-section-boxed elementor-section-height-default elementor-section-height-default\" data-id=\"6513d4a\" data-element_type=\"section\" data-e-type=\"section\" data-settings=\"{&quot;jet_parallax_layout_list&quot;:[]}\">\n\t\t\t\t\t\t<div class=\"elementor-container elementor-column-gap-default\">\n\t\t\t\t\t<div class=\"elementor-column elementor-col-100 elementor-top-column elementor-element elementor-element-b03b065\" data-id=\"b03b065\" data-element_type=\"column\" data-e-type=\"column\">\n\t\t\t<div class=\"elementor-widget-wrap elementor-element-populated\">\n\t\t\t\t\t\t<div class=\"elementor-element elementor-element-cc49c43 elementor-align-center elementor-widget elementor-widget-raven-heading\" data-id=\"cc49c43\" data-element_type=\"widget\" data-e-type=\"widget\" data-widget_type=\"raven-heading.default\">\n\t\t\t\t<div class=\"elementor-widget-container\">\n\t\t\t\t\t\t\t<div class=\"raven-widget-wrapper\"><h3 class=\"raven-heading raven-heading-h3\"><span class=\"raven-heading-title\">Instalaciones\n<\/span><\/h3><\/div>\n\t\t\t\t\t\t<\/div>\n\t\t\t\t<\/div>\n\t\t\t\t<div class=\"elementor-element elementor-element-8b0d2fe elementor-icon-list--layout-traditional elementor-list-item-link-full_width elementor-widget elementor-widget-icon-list\" data-id=\"8b0d2fe\" data-element_type=\"widget\" data-e-type=\"widget\" data-widget_type=\"icon-list.default\">\n\t\t\t\t<div class=\"elementor-widget-container\">\n\t\t\t\t\t\t\t<ul class=\"elementor-icon-list-items\">\n\t\t\t\t\t\t\t<li class=\"elementor-icon-list-item\">\n\t\t\t\t\t\t\t\t\t\t\t<span class=\"elementor-icon-list-icon\">\n\t\t\t\t\t\t\t<i aria-hidden=\"true\" class=\"fas fa-caret-right\"><\/i>\t\t\t\t\t\t<\/span>\n\t\t\t\t\t\t\t\t\t\t<span class=\"elementor-icon-list-text\">Jard\u00edn para la meditaci\u00f3n<\/span>\n\t\t\t\t\t\t\t\t\t<\/li>\n\t\t\t\t\t\t\t\t<li class=\"elementor-icon-list-item\">\n\t\t\t\t\t\t\t\t\t\t\t<span class=\"elementor-icon-list-icon\">\n\t\t\t\t\t\t\t<i aria-hidden=\"true\" class=\"fas fa-caret-right\"><\/i>\t\t\t\t\t\t<\/span>\n\t\t\t\t\t\t\t\t\t\t<span class=\"elementor-icon-list-text\">Estudio de yoga o meditaci\u00f3n (cuando no est\u00e9 en uso)<\/span>\n\t\t\t\t\t\t\t\t\t<\/li>\n\t\t\t\t\t\t\t\t<li class=\"elementor-icon-list-item\">\n\t\t\t\t\t\t\t\t\t\t\t<span class=\"elementor-icon-list-icon\">\n\t\t\t\t\t\t\t<i aria-hidden=\"true\" class=\"fas fa-caret-right\"><\/i>\t\t\t\t\t\t<\/span>\n\t\t\t\t\t\t\t\t\t\t<span class=\"elementor-icon-list-text\">\u00c1rea de pintura<\/span>\n\t\t\t\t\t\t\t\t\t<\/li>\n\t\t\t\t\t\t\t\t<li class=\"elementor-icon-list-item\">\n\t\t\t\t\t\t\t\t\t\t\t<span class=\"elementor-icon-list-icon\">\n\t\t\t\t\t\t\t<i aria-hidden=\"true\" class=\"fas fa-caret-right\"><\/i>\t\t\t\t\t\t<\/span>\n\t\t\t\t\t\t\t\t\t\t<span class=\"elementor-icon-list-text\">Zona de hamacas<\/span>\n\t\t\t\t\t\t\t\t\t<\/li>\n\t\t\t\t\t\t\t\t<li class=\"elementor-icon-list-item\">\n\t\t\t\t\t\t\t\t\t\t\t<span class=\"elementor-icon-list-icon\">\n\t\t\t\t\t\t\t<i aria-hidden=\"true\" class=\"fas fa-caret-right\"><\/i>\t\t\t\t\t\t<\/span>\n\t\t\t\t\t\t\t\t\t\t<span class=\"elementor-icon-list-text\">Si deseas profundizar tu experiencia, te recomendamos reservar alguno de nuestros servicios: masajes, meditaci\u00f3n, yoga, terapia de sonido, constelaciones, lecturas astrol\u00f3gicas, y m\u00e1s\u2026<\/span>\n\t\t\t\t\t\t\t\t\t<\/li>\n\t\t\t\t\t\t<\/ul>\n\t\t\t\t\t\t<\/div>\n\t\t\t\t<\/div>\n\t\t\t\t\t<\/div>\n\t\t<\/div>\n\t\t\t\t\t<\/div>\n\t\t<\/section>\n\t\t\t\t<section class=\"elementor-section elementor-top-section elementor-element elementor-element-7c955af elementor-section-boxed elementor-section-height-default elementor-section-height-default\" data-id=\"7c955af\" data-element_type=\"section\" data-e-type=\"section\" data-settings=\"{&quot;jet_parallax_layout_list&quot;:[]}\">\n\t\t\t\t\t\t<div class=\"elementor-container elementor-column-gap-default\">\n\t\t\t\t\t<div class=\"elementor-column elementor-col-100 elementor-top-column elementor-element elementor-element-274f423\" data-id=\"274f423\" data-element_type=\"column\" data-e-type=\"column\">\n\t\t\t<div class=\"elementor-widget-wrap elementor-element-populated\">\n\t\t\t\t\t\t<div class=\"elementor-element elementor-element-6a0ea06 elementor-align-center elementor-widget elementor-widget-raven-heading\" data-id=\"6a0ea06\" data-element_type=\"widget\" data-e-type=\"widget\" data-widget_type=\"raven-heading.default\">\n\t\t\t\t<div class=\"elementor-widget-container\">\n\t\t\t\t\t\t\t<div class=\"raven-widget-wrapper\"><h3 class=\"raven-heading raven-heading-h3\"><span class=\"raven-heading-title\">Comodidades<\/span><\/h3><\/div>\n\t\t\t\t\t\t<\/div>\n\t\t\t\t<\/div>\n\t\t\t\t<div class=\"elementor-element elementor-element-5c2c502 elementor-icon-list--layout-traditional elementor-list-item-link-full_width elementor-widget elementor-widget-icon-list\" data-id=\"5c2c502\" data-element_type=\"widget\" data-e-type=\"widget\" data-widget_type=\"icon-list.default\">\n\t\t\t\t<div class=\"elementor-widget-container\">\n\t\t\t\t\t\t\t<ul class=\"elementor-icon-list-items\">\n\t\t\t\t\t\t\t<li class=\"elementor-icon-list-item\">\n\t\t\t\t\t\t\t\t\t\t\t<span class=\"elementor-icon-list-icon\">\n\t\t\t\t\t\t\t<i aria-hidden=\"true\" class=\"fas fa-caret-right\"><\/i>\t\t\t\t\t\t<\/span>\n\t\t\t\t\t\t\t\t\t\t<span class=\"elementor-icon-list-text\">Desayuno continental<\/span>\n\t\t\t\t\t\t\t\t\t<\/li>\n\t\t\t\t\t\t\t\t<li class=\"elementor-icon-list-item\">\n\t\t\t\t\t\t\t\t\t\t\t<span class=\"elementor-icon-list-icon\">\n\t\t\t\t\t\t\t<i aria-hidden=\"true\" class=\"fas fa-caret-right\"><\/i>\t\t\t\t\t\t<\/span>\n\t\t\t\t\t\t\t\t\t\t<span class=\"elementor-icon-list-text\">Agua caliente<\/span>\n\t\t\t\t\t\t\t\t\t<\/li>\n\t\t\t\t\t\t\t\t<li class=\"elementor-icon-list-item\">\n\t\t\t\t\t\t\t\t\t\t\t<span class=\"elementor-icon-list-icon\">\n\t\t\t\t\t\t\t<i aria-hidden=\"true\" class=\"fas fa-caret-right\"><\/i>\t\t\t\t\t\t<\/span>\n\t\t\t\t\t\t\t\t\t\t<span class=\"elementor-icon-list-text\">Toallas y batas de ba\u00f1o<\/span>\n\t\t\t\t\t\t\t\t\t<\/li>\n\t\t\t\t\t\t\t\t<li class=\"elementor-icon-list-item\">\n\t\t\t\t\t\t\t\t\t\t\t<span class=\"elementor-icon-list-icon\">\n\t\t\t\t\t\t\t<i aria-hidden=\"true\" class=\"fas fa-caret-right\"><\/i>\t\t\t\t\t\t<\/span>\n\t\t\t\t\t\t\t\t\t\t<span class=\"elementor-icon-list-text\">Dispensador de jab\u00f3n, champ\u00fa y acondicionador.<\/span>\n\t\t\t\t\t\t\t\t\t<\/li>\n\t\t\t\t\t\t\t\t<li class=\"elementor-icon-list-item\">\n\t\t\t\t\t\t\t\t\t\t\t<span class=\"elementor-icon-list-icon\">\n\t\t\t\t\t\t\t<i aria-hidden=\"true\" class=\"fas fa-caret-right\"><\/i>\t\t\t\t\t\t<\/span>\n\t\t\t\t\t\t\t\t\t\t<span class=\"elementor-icon-list-text\">Perchas y cajones<\/span>\n\t\t\t\t\t\t\t\t\t<\/li>\n\t\t\t\t\t\t\t\t<li class=\"elementor-icon-list-item\">\n\t\t\t\t\t\t\t\t\t\t\t<span class=\"elementor-icon-list-icon\">\n\t\t\t\t\t\t\t<i aria-hidden=\"true\" class=\"fas fa-caret-right\"><\/i>\t\t\t\t\t\t<\/span>\n\t\t\t\t\t\t\t\t\t\t<span class=\"elementor-icon-list-text\">Ventilador<\/span>\n\t\t\t\t\t\t\t\t\t<\/li>\n\t\t\t\t\t\t\t\t<li class=\"elementor-icon-list-item\">\n\t\t\t\t\t\t\t\t\t\t\t<span class=\"elementor-icon-list-icon\">\n\t\t\t\t\t\t\t<i aria-hidden=\"true\" class=\"fas fa-caret-right\"><\/i>\t\t\t\t\t\t<\/span>\n\t\t\t\t\t\t\t\t\t\t<span class=\"elementor-icon-list-text\">Calentador de gas<\/span>\n\t\t\t\t\t\t\t\t\t<\/li>\n\t\t\t\t\t\t\t\t<li class=\"elementor-icon-list-item\">\n\t\t\t\t\t\t\t\t\t\t\t<span class=\"elementor-icon-list-icon\">\n\t\t\t\t\t\t\t<i aria-hidden=\"true\" class=\"fas fa-caret-right\"><\/i>\t\t\t\t\t\t<\/span>\n\t\t\t\t\t\t\t\t\t\t<span class=\"elementor-icon-list-text\">Pozo de fuego y le\u00f1a<\/span>\n\t\t\t\t\t\t\t\t\t<\/li>\n\t\t\t\t\t\t\t\t<li class=\"elementor-icon-list-item\">\n\t\t\t\t\t\t\t\t\t\t\t<span class=\"elementor-icon-list-icon\">\n\t\t\t\t\t\t\t<i aria-hidden=\"true\" class=\"fas fa-caret-right\"><\/i>\t\t\t\t\t\t<\/span>\n\t\t\t\t\t\t\t\t\t\t<span class=\"elementor-icon-list-text\">Caja de seguridad<\/span>\n\t\t\t\t\t\t\t\t\t<\/li>\n\t\t\t\t\t\t<\/ul>\n\t\t\t\t\t\t<\/div>\n\t\t\t\t<\/div>\n\t\t\t\t\t<\/div>\n\t\t<\/div>\n\t\t\t\t\t<\/div>\n\t\t<\/section>\n\t\t\t\t<\/div>","protected":false},"excerpt":{"rendered":"<p>&nbsp;<\/p>\n<p><strong>Legend<br \/>\n<\/strong><br \/>\nWhite: Available<br \/>\nGrey: Booked<br \/>\nBlue: Current Day<br \/>\nOrange (Hover): Choose Day<\/p>","protected":false},"featured_media":1007,"template":"","meta":{"_acf_changed":false},"product_brand":[],"product_cat":[44],"product_tag":[],"class_list":{"0":"post-1132","1":"product","2":"type-product","3":"status-publish","4":"has-post-thumbnail","6":"product_cat-villas","8":"first","9":"instock","10":"virtual","11":"purchasable","12":"product-type-ovabrw_car_rental"},"acf":[],"yoast_head":"<!-- This site is optimized with the Yoast SEO plugin v27.2 - https:\/\/yoast.com\/product\/yoast-seo-wordpress\/ -->\n<title>Critina - Breathe Inn Baja<\/title>\n<meta name=\"description\" content=\"Critina Villa is a beautiful retreat in Valle De Guadalupe that you can reserve for a special night, all from Breathe Inn Baja.\" \/>\n<meta name=\"robots\" content=\"index, follow, max-snippet:-1, max-image-preview:large, max-video-preview:-1\" \/>\n<link rel=\"canonical\" href=\"https:\/\/www.breatheinnbaja.com\/es\/producto\/critina\/\" \/>\n<meta property=\"og:locale\" content=\"es_MX\" \/>\n<meta property=\"og:type\" content=\"article\" \/>\n<meta property=\"og:title\" content=\"Critina - Breathe Inn Baja\" \/>\n<meta property=\"og:description\" content=\"Critina Villa is a beautiful retreat in Valle De Guadalupe that you can reserve for a special night, all from Breathe Inn Baja.\" \/>\n<meta property=\"og:url\" content=\"https:\/\/www.breatheinnbaja.com\/es\/producto\/critina\/\" \/>\n<meta property=\"og:site_name\" content=\"Breathe Inn Baja\" \/>\n<meta property=\"article:publisher\" content=\"https:\/\/www.facebook.com\/BreatheInnBaja\/\" \/>\n<meta property=\"article:modified_time\" content=\"2024-11-22T06:19:41+00:00\" \/>\n<meta property=\"og:image\" content=\"https:\/\/www.breatheinnbaja.com\/wp-content\/uploads\/2024\/06\/citrina-villa-entrance.png\" \/>\n\t<meta property=\"og:image:width\" content=\"600\" \/>\n\t<meta property=\"og:image:height\" content=\"600\" \/>\n\t<meta property=\"og:image:type\" content=\"image\/png\" \/>\n<meta name=\"twitter:card\" content=\"summary_large_image\" \/>\n<meta name=\"twitter:label1\" content=\"Tiempo de lectura\" \/>\n\t<meta name=\"twitter:data1\" content=\"1 minuto\" \/>\n<script type=\"application\/ld+json\" class=\"yoast-schema-graph\">{\"@context\":\"https:\/\/schema.org\",\"@graph\":[{\"@type\":\"WebPage\",\"@id\":\"https:\/\/www.breatheinnbaja.com\/product\/critina\/\",\"url\":\"https:\/\/www.breatheinnbaja.com\/product\/critina\/\",\"name\":\"Critina - Breathe Inn Baja\",\"isPartOf\":{\"@id\":\"https:\/\/www.breatheinnbaja.com\/#website\"},\"primaryImageOfPage\":{\"@id\":\"https:\/\/www.breatheinnbaja.com\/product\/critina\/#primaryimage\"},\"image\":{\"@id\":\"https:\/\/www.breatheinnbaja.com\/product\/critina\/#primaryimage\"},\"thumbnailUrl\":\"https:\/\/www.breatheinnbaja.com\/wp-content\/uploads\/2024\/06\/citrina-villa-entrance.png\",\"datePublished\":\"2024-07-30T02:20:36+00:00\",\"dateModified\":\"2024-11-22T06:19:41+00:00\",\"description\":\"Critina Villa is a beautiful retreat in Valle De Guadalupe that you can reserve for a special night, all from Breathe Inn Baja.\",\"breadcrumb\":{\"@id\":\"https:\/\/www.breatheinnbaja.com\/product\/critina\/#breadcrumb\"},\"inLanguage\":\"es\",\"potentialAction\":[{\"@type\":\"ReadAction\",\"target\":[\"https:\/\/www.breatheinnbaja.com\/product\/critina\/\"]}]},{\"@type\":\"ImageObject\",\"inLanguage\":\"es\",\"@id\":\"https:\/\/www.breatheinnbaja.com\/product\/critina\/#primaryimage\",\"url\":\"https:\/\/www.breatheinnbaja.com\/wp-content\/uploads\/2024\/06\/citrina-villa-entrance.png\",\"contentUrl\":\"https:\/\/www.breatheinnbaja.com\/wp-content\/uploads\/2024\/06\/citrina-villa-entrance.png\",\"width\":600,\"height\":600},{\"@type\":\"BreadcrumbList\",\"@id\":\"https:\/\/www.breatheinnbaja.com\/product\/critina\/#breadcrumb\",\"itemListElement\":[{\"@type\":\"ListItem\",\"position\":1,\"name\":\"Home\",\"item\":\"https:\/\/www.breatheinnbaja.com\/\"},{\"@type\":\"ListItem\",\"position\":2,\"name\":\"Hotel\",\"item\":\"https:\/\/www.breatheinnbaja.com\/shop\/\"},{\"@type\":\"ListItem\",\"position\":3,\"name\":\"Critina\"}]},{\"@type\":\"WebSite\",\"@id\":\"https:\/\/www.breatheinnbaja.com\/#website\",\"url\":\"https:\/\/www.breatheinnbaja.com\/\",\"name\":\"Breathe Inn Baja\",\"description\":\"Baja Retreat\",\"publisher\":{\"@id\":\"https:\/\/www.breatheinnbaja.com\/#organization\"},\"potentialAction\":[{\"@type\":\"SearchAction\",\"target\":{\"@type\":\"EntryPoint\",\"urlTemplate\":\"https:\/\/www.breatheinnbaja.com\/?s={search_term_string}\"},\"query-input\":{\"@type\":\"PropertyValueSpecification\",\"valueRequired\":true,\"valueName\":\"search_term_string\"}}],\"inLanguage\":\"es\"},{\"@type\":\"Organization\",\"@id\":\"https:\/\/www.breatheinnbaja.com\/#organization\",\"name\":\"Breathe Inn Baja\",\"url\":\"https:\/\/www.breatheinnbaja.com\/\",\"logo\":{\"@type\":\"ImageObject\",\"inLanguage\":\"es\",\"@id\":\"https:\/\/www.breatheinnbaja.com\/#\/schema\/logo\/image\/\",\"url\":\"https:\/\/www.breatheinnbaja.com\/wp-content\/uploads\/2023\/12\/breathe_inn_logologo_-removebg-preview.png\",\"contentUrl\":\"https:\/\/www.breatheinnbaja.com\/wp-content\/uploads\/2023\/12\/breathe_inn_logologo_-removebg-preview.png\",\"width\":534,\"height\":467,\"caption\":\"Breathe Inn Baja\"},\"image\":{\"@id\":\"https:\/\/www.breatheinnbaja.com\/#\/schema\/logo\/image\/\"},\"sameAs\":[\"https:\/\/www.facebook.com\/BreatheInnBaja\/\"]}]}<\/script>\n<!-- \/ Yoast SEO plugin. -->","yoast_head_json":{"title":"Critina - Breathe Inn Baja","description":"Critina Villa is a beautiful retreat in Valle De Guadalupe that you can reserve for a special night, all from Breathe Inn Baja.","robots":{"index":"index","follow":"follow","max-snippet":"max-snippet:-1","max-image-preview":"max-image-preview:large","max-video-preview":"max-video-preview:-1"},"canonical":"https:\/\/www.breatheinnbaja.com\/es\/producto\/critina\/","og_locale":"es_MX","og_type":"article","og_title":"Critina - Breathe Inn Baja","og_description":"Critina Villa is a beautiful retreat in Valle De Guadalupe that you can reserve for a special night, all from Breathe Inn Baja.","og_url":"https:\/\/www.breatheinnbaja.com\/es\/producto\/critina\/","og_site_name":"Breathe Inn Baja","article_publisher":"https:\/\/www.facebook.com\/BreatheInnBaja\/","article_modified_time":"2024-11-22T06:19:41+00:00","og_image":[{"width":600,"height":600,"url":"https:\/\/www.breatheinnbaja.com\/wp-content\/uploads\/2024\/06\/citrina-villa-entrance.png","type":"image\/png"}],"twitter_card":"summary_large_image","twitter_misc":{"Tiempo de lectura":"1 minuto"},"schema":{"@context":"https:\/\/schema.org","@graph":[{"@type":"WebPage","@id":"https:\/\/www.breatheinnbaja.com\/product\/critina\/","url":"https:\/\/www.breatheinnbaja.com\/product\/critina\/","name":"Critina - Breathe Inn Baja","isPartOf":{"@id":"https:\/\/www.breatheinnbaja.com\/#website"},"primaryImageOfPage":{"@id":"https:\/\/www.breatheinnbaja.com\/product\/critina\/#primaryimage"},"image":{"@id":"https:\/\/www.breatheinnbaja.com\/product\/critina\/#primaryimage"},"thumbnailUrl":"https:\/\/www.breatheinnbaja.com\/wp-content\/uploads\/2024\/06\/citrina-villa-entrance.png","datePublished":"2024-07-30T02:20:36+00:00","dateModified":"2024-11-22T06:19:41+00:00","description":"Critina Villa is a beautiful retreat in Valle De Guadalupe that you can reserve for a special night, all from Breathe Inn Baja.","breadcrumb":{"@id":"https:\/\/www.breatheinnbaja.com\/product\/critina\/#breadcrumb"},"inLanguage":"es","potentialAction":[{"@type":"ReadAction","target":["https:\/\/www.breatheinnbaja.com\/product\/critina\/"]}]},{"@type":"ImageObject","inLanguage":"es","@id":"https:\/\/www.breatheinnbaja.com\/product\/critina\/#primaryimage","url":"https:\/\/www.breatheinnbaja.com\/wp-content\/uploads\/2024\/06\/citrina-villa-entrance.png","contentUrl":"https:\/\/www.breatheinnbaja.com\/wp-content\/uploads\/2024\/06\/citrina-villa-entrance.png","width":600,"height":600},{"@type":"BreadcrumbList","@id":"https:\/\/www.breatheinnbaja.com\/product\/critina\/#breadcrumb","itemListElement":[{"@type":"ListItem","position":1,"name":"Home","item":"https:\/\/www.breatheinnbaja.com\/"},{"@type":"ListItem","position":2,"name":"Hotel","item":"https:\/\/www.breatheinnbaja.com\/shop\/"},{"@type":"ListItem","position":3,"name":"Critina"}]},{"@type":"WebSite","@id":"https:\/\/www.breatheinnbaja.com\/#website","url":"https:\/\/www.breatheinnbaja.com\/","name":"Breathe Inn Baja","description":"Baja Retreat","publisher":{"@id":"https:\/\/www.breatheinnbaja.com\/#organization"},"potentialAction":[{"@type":"SearchAction","target":{"@type":"EntryPoint","urlTemplate":"https:\/\/www.breatheinnbaja.com\/?s={search_term_string}"},"query-input":{"@type":"PropertyValueSpecification","valueRequired":true,"valueName":"search_term_string"}}],"inLanguage":"es"},{"@type":"Organization","@id":"https:\/\/www.breatheinnbaja.com\/#organization","name":"Breathe Inn Baja","url":"https:\/\/www.breatheinnbaja.com\/","logo":{"@type":"ImageObject","inLanguage":"es","@id":"https:\/\/www.breatheinnbaja.com\/#\/schema\/logo\/image\/","url":"https:\/\/www.breatheinnbaja.com\/wp-content\/uploads\/2023\/12\/breathe_inn_logologo_-removebg-preview.png","contentUrl":"https:\/\/www.breatheinnbaja.com\/wp-content\/uploads\/2023\/12\/breathe_inn_logologo_-removebg-preview.png","width":534,"height":467,"caption":"Breathe Inn Baja"},"image":{"@id":"https:\/\/www.breatheinnbaja.com\/#\/schema\/logo\/image\/"},"sameAs":["https:\/\/www.facebook.com\/BreatheInnBaja\/"]}]}},"_links":{"self":[{"href":"https:\/\/www.breatheinnbaja.com\/es\/wp-json\/wp\/v2\/product\/1132","targetHints":{"allow":["GET"]}}],"collection":[{"href":"https:\/\/www.breatheinnbaja.com\/es\/wp-json\/wp\/v2\/product"}],"about":[{"href":"https:\/\/www.breatheinnbaja.com\/es\/wp-json\/wp\/v2\/types\/product"}],"version-history":[{"count":19,"href":"https:\/\/www.breatheinnbaja.com\/es\/wp-json\/wp\/v2\/product\/1132\/revisions"}],"predecessor-version":[{"id":2055,"href":"https:\/\/www.breatheinnbaja.com\/es\/wp-json\/wp\/v2\/product\/1132\/revisions\/2055"}],"wp:featuredmedia":[{"embeddable":true,"href":"https:\/\/www.breatheinnbaja.com\/es\/wp-json\/wp\/v2\/media\/1007"}],"wp:attachment":[{"href":"https:\/\/www.breatheinnbaja.com\/es\/wp-json\/wp\/v2\/media?parent=1132"}],"wp:term":[{"taxonomy":"product_brand","embeddable":true,"href":"https:\/\/www.breatheinnbaja.com\/es\/wp-json\/wp\/v2\/product_brand?post=1132"},{"taxonomy":"product_cat","embeddable":true,"href":"https:\/\/www.breatheinnbaja.com\/es\/wp-json\/wp\/v2\/product_cat?post=1132"},{"taxonomy":"product_tag","embeddable":true,"href":"https:\/\/www.breatheinnbaja.com\/es\/wp-json\/wp\/v2\/product_tag?post=1132"}],"curies":[{"name":"wp","href":"https:\/\/api.w.org\/{rel}","templated":true}]}}